{"id":981,"date":"2024-07-22T14:39:48","date_gmt":"2024-07-22T14:39:48","guid":{"rendered":"https:\/\/epiicvet.com\/?page_id=981"},"modified":"2024-07-28T18:05:19","modified_gmt":"2024-07-28T18:05:19","slug":"formacion","status":"publish","type":"page","link":"https:\/\/epiicvet.com\/en\/formacion\/","title":{"rendered":"Training"},"content":{"rendered":"<div data-elementor-type=\"wp-page\" data-elementor-id=\"981\" class=\"elementor elementor-981\" data-elementor-post-type=\"page\">\n\t\t\t\t<div data-particle_enable=\"false\" data-particle-mobile-disabled=\"false\" class=\"elementor-element elementor-element-cc60a2e e-con-full e-flex parallax_section_no qode_elementor_container_no e-con e-parent\" data-id=\"cc60a2e\" data-element_type=\"container\" data-settings=\"{&quot;background_background&quot;:&quot;classic&quot;}\">\n\t\t<div data-particle_enable=\"false\" data-particle-mobile-disabled=\"false\" class=\"elementor-element elementor-element-417a90e e-flex e-con-boxed parallax_section_no qode_elementor_container_no e-con e-child\" data-id=\"417a90e\" data-element_type=\"container\">\n\t\t\t\t\t<div class=\"e-con-inner\">\n\t\t\t\t<div class=\"elementor-element elementor-element-6e4208e elementor-widget elementor-widget-heading\" data-id=\"6e4208e\" data-element_type=\"widget\" data-widget_type=\"heading.default\">\n\t\t\t\t<div class=\"elementor-widget-container\">\n\t\t\t<style>\/*! elementor - v3.23.0 - 25-07-2024 *\/\n.elementor-heading-title{padding:0;margin:0;line-height:1}.elementor-widget-heading .elementor-heading-title[class*=elementor-size-]>a{color:inherit;font-size:inherit;line-height:inherit}.elementor-widget-heading .elementor-heading-title.elementor-size-small{font-size:15px}.elementor-widget-heading .elementor-heading-title.elementor-size-medium{font-size:19px}.elementor-widget-heading .elementor-heading-title.elementor-size-large{font-size:29px}.elementor-widget-heading .elementor-heading-title.elementor-size-xl{font-size:39px}.elementor-widget-heading .elementor-heading-title.elementor-size-xxl{font-size:59px}<\/style><h1 class=\"elementor-heading-title elementor-size-default\">Training<\/h1>\t\t<\/div>\n\t\t\t\t<\/div>\n\t\t\t\t\t<\/div>\n\t\t\t\t<\/div>\n\t\t\t\t<\/div>\n\t\t\t\t<section data-particle_enable=\"false\" data-particle-mobile-disabled=\"false\" class=\"elementor-section elementor-top-section elementor-element elementor-element-a1338ec elementor-section-full_width elementor-section-height-default elementor-section-height-default parallax_section_no qode_elementor_container_no\" data-id=\"a1338ec\" data-element_type=\"section\" id=\"eolo-text\" data-settings=\"{&quot;background_background&quot;:&quot;classic&quot;,&quot;animation&quot;:&quot;none&quot;}\">\n\t\t\t\t\t\t<div class=\"elementor-container elementor-column-gap-default\">\n\t\t\t\t\t<div class=\"elementor-column elementor-col-100 elementor-top-column elementor-element elementor-element-d71cf04\" data-id=\"d71cf04\" data-element_type=\"column\">\n\t\t\t<div class=\"elementor-widget-wrap elementor-element-populated\">\n\t\t\t\t\t\t<div class=\"elementor-element elementor-element-15fd5cd elementor-widget elementor-widget-heading\" data-id=\"15fd5cd\" data-element_type=\"widget\" data-widget_type=\"heading.default\">\n\t\t\t\t<div class=\"elementor-widget-container\">\n\t\t\t<h4 class=\"elementor-heading-title elementor-size-default\">5 annual 100% practical training courses <\/h4>\t\t<\/div>\n\t\t\t\t<\/div>\n\t\t\t\t\t<\/div>\n\t\t<\/div>\n\t\t\t\t\t<\/div>\n\t\t<\/section>\n\t\t<div data-particle_enable=\"false\" data-particle-mobile-disabled=\"false\" class=\"elementor-element elementor-element-b73c805 e-con-full e-flex parallax_section_no qode_elementor_container_no e-con e-parent\" data-id=\"b73c805\" data-element_type=\"container\" data-settings=\"{&quot;background_background&quot;:&quot;classic&quot;}\">\n\t\t<div data-particle_enable=\"false\" data-particle-mobile-disabled=\"false\" class=\"elementor-element elementor-element-1d58bc8b e-con-full e-flex parallax_section_no qode_elementor_container_no e-con e-child\" data-id=\"1d58bc8b\" data-element_type=\"container\" data-settings=\"{&quot;animation&quot;:&quot;none&quot;}\">\n\t\t\t\t<div class=\"elementor-element elementor-element-38aa142c elementor-widget elementor-widget-image\" data-id=\"38aa142c\" data-element_type=\"widget\" data-widget_type=\"image.default\">\n\t\t\t\t<div class=\"elementor-widget-container\">\n\t\t\t<style>\/*! elementor - v3.23.0 - 25-07-2024 *\/\n.elementor-widget-image{text-align:center}.elementor-widget-image a{display:inline-block}.elementor-widget-image a img[src$=\".svg\"]{width:48px}.elementor-widget-image img{vertical-align:middle;display:inline-block}<\/style>\t\t\t\t\t\t\t\t\t\t<img fetchpriority=\"high\" decoding=\"async\" width=\"1024\" height=\"944\" src=\"https:\/\/epiicvet.com\/wp-content\/uploads\/2024\/07\/13-e1721660956464-1024x944.png\" class=\"attachment-large size-large wp-image-1023\" alt=\"\" srcset=\"https:\/\/epiicvet.com\/wp-content\/uploads\/2024\/07\/13-e1721660956464-1024x944.png 1024w, https:\/\/epiicvet.com\/wp-content\/uploads\/2024\/07\/13-e1721660956464-300x277.png 300w, https:\/\/epiicvet.com\/wp-content\/uploads\/2024\/07\/13-e1721660956464-768x708.png 768w, https:\/\/epiicvet.com\/wp-content\/uploads\/2024\/07\/13-e1721660956464-700x646.png 700w, https:\/\/epiicvet.com\/wp-content\/uploads\/2024\/07\/13-e1721660956464.png 1171w\" sizes=\"(max-width: 1024px) 100vw, 1024px\" \/>\t\t\t\t\t\t\t\t\t\t\t\t\t<\/div>\n\t\t\t\t<\/div>\n\t\t\t\t<\/div>\n\t\t<div data-particle_enable=\"false\" data-particle-mobile-disabled=\"false\" class=\"elementor-element elementor-element-672c06cf e-con-full e-flex parallax_section_no qode_elementor_container_no elementor-invisible e-con e-child\" data-id=\"672c06cf\" data-element_type=\"container\" data-settings=\"{&quot;animation&quot;:&quot;fadeInUp&quot;}\">\n\t\t\t\t<div class=\"elementor-element elementor-element-760f3420 elementor-widget elementor-widget-heading\" data-id=\"760f3420\" data-element_type=\"widget\" data-widget_type=\"heading.default\">\n\t\t\t\t<div class=\"elementor-widget-container\">\n\t\t\t<h5 class=\"elementor-heading-title elementor-size-default\">The first training course is currently open<\/h5>\t\t<\/div>\n\t\t\t\t<\/div>\n\t\t<div data-particle_enable=\"false\" data-particle-mobile-disabled=\"false\" class=\"elementor-element elementor-element-1f323d2 e-con-full e-flex parallax_section_no qode_elementor_container_no e-con e-child\" data-id=\"1f323d2\" data-element_type=\"container\">\n\t\t\t\t<div class=\"elementor-element elementor-element-dd8b542 elementor-view-default elementor-position-top elementor-mobile-position-top elementor-widget elementor-widget-icon-box\" data-id=\"dd8b542\" data-element_type=\"widget\" data-widget_type=\"icon-box.default\">\n\t\t\t\t<div class=\"elementor-widget-container\">\n\t\t\t<link rel=\"stylesheet\" href=\"https:\/\/epiicvet.com\/wp-content\/plugins\/elementor\/assets\/css\/widget-icon-box.min.css\">\t\t<div class=\"elementor-icon-box-wrapper\">\n\n\t\t\t\t\t\t<div class=\"elementor-icon-box-icon\">\n\t\t\t\t<span  class=\"elementor-icon elementor-animation-\">\n\t\t\t\t<svg aria-hidden=\"true\" class=\"e-font-icon-svg e-far-calendar\" viewbox=\"0 0 448 512\" xmlns=\"http:\/\/www.w3.org\/2000\/svg\"><path d=\"M400 64h-48V12c0-6.6-5.4-12-12-12h-40c-6.6 0-12 5.4-12 12v52H160V12c0-6.6-5.4-12-12-12h-40c-6.6 0-12 5.4-12 12v52H48C21.5 64 0 85.5 0 112v352c0 26.5 21.5 48 48 48h352c26.5 0 48-21.5 48-48V112c0-26.5-21.5-48-48-48zm-6 400H54c-3.3 0-6-2.7-6-6V160h352v298c0 3.3-2.7 6-6 6z\"><\/path><\/svg>\t\t\t\t<\/span>\n\t\t\t<\/div>\n\t\t\t\n\t\t\t\t\t\t<div class=\"elementor-icon-box-content\">\n\n\t\t\t\t\n\t\t\t\t\t\t\t\t\t<p class=\"elementor-icon-box-description\">\n\t\t\t\t\t\tFriday 27 September 2024\t\t\t\t\t<\/p>\n\t\t\t\t\n\t\t\t<\/div>\n\t\t\t\n\t\t<\/div>\n\t\t\t\t<\/div>\n\t\t\t\t<\/div>\n\t\t\t\t<div class=\"elementor-element elementor-element-095445a elementor-view-default elementor-position-top elementor-mobile-position-top elementor-widget elementor-widget-icon-box\" data-id=\"095445a\" data-element_type=\"widget\" data-widget_type=\"icon-box.default\">\n\t\t\t\t<div class=\"elementor-widget-container\">\n\t\t\t\t\t<div class=\"elementor-icon-box-wrapper\">\n\n\t\t\t\t\t\t<div class=\"elementor-icon-box-icon\">\n\t\t\t\t<span  class=\"elementor-icon elementor-animation-\">\n\t\t\t\t<svg aria-hidden=\"true\" class=\"e-font-icon-svg e-far-clock\" viewbox=\"0 0 512 512\" xmlns=\"http:\/\/www.w3.org\/2000\/svg\"><path d=\"M256 8C119 8 8 119 8 256s111 248 248 248 248-111 248-248S393 8 256 8zm0 448c-110.5 0-200-89.5-200-200S145.5 56 256 56s200 89.5 200 200-89.5 200-200 200zm61.8-104.4l-84.9-61.7c-3.1-2.3-4.9-5.9-4.9-9.7V116c0-6.6 5.4-12 12-12h32c6.6 0 12 5.4 12 12v141.7l66.8 48.6c5.4 3.9 6.5 11.4 2.6 16.8L334.6 349c-3.9 5.3-11.4 6.5-16.8 2.6z\"><\/path><\/svg>\t\t\t\t<\/span>\n\t\t\t<\/div>\n\t\t\t\n\t\t\t\t\t\t<div class=\"elementor-icon-box-content\">\n\n\t\t\t\t\n\t\t\t\t\t\t\t\t\t<p class=\"elementor-icon-box-description\">\n\t\t\t\t\t\t10:00 - 18:00\t\t\t\t\t<\/p>\n\t\t\t\t\n\t\t\t<\/div>\n\t\t\t\n\t\t<\/div>\n\t\t\t\t<\/div>\n\t\t\t\t<\/div>\n\t\t\t\t<div class=\"elementor-element elementor-element-b815c51 elementor-view-default elementor-position-top elementor-mobile-position-top elementor-widget elementor-widget-icon-box\" data-id=\"b815c51\" data-element_type=\"widget\" data-widget_type=\"icon-box.default\">\n\t\t\t\t<div class=\"elementor-widget-container\">\n\t\t\t\t\t<div class=\"elementor-icon-box-wrapper\">\n\n\t\t\t\t\t\t<div class=\"elementor-icon-box-icon\">\n\t\t\t\t<span  class=\"elementor-icon elementor-animation-\">\n\t\t\t\t<svg aria-hidden=\"true\" class=\"e-font-icon-svg e-fas-map-pin\" viewbox=\"0 0 288 512\" xmlns=\"http:\/\/www.w3.org\/2000\/svg\"><path d=\"M112 316.94v156.69l22.02 33.02c4.75 7.12 15.22 7.12 19.97 0L176 473.63V316.94c-10.39 1.92-21.06 3.06-32 3.06s-21.61-1.14-32-3.06zM144 0C64.47 0 0 64.47 0 144s64.47 144 144 144 144-64.47 144-144S223.53 0 144 0zm0 76c-37.5 0-68 30.5-68 68 0 6.62-5.38 12-12 12s-12-5.38-12-12c0-50.73 41.28-92 92-92 6.62 0 12 5.38 12 12s-5.38 12-12 12z\"><\/path><\/svg>\t\t\t\t<\/span>\n\t\t\t<\/div>\n\t\t\t\n\t\t\t\t\t\t<div class=\"elementor-icon-box-content\">\n\n\t\t\t\t\n\t\t\t\t\t\t\t\t\t<p class=\"elementor-icon-box-description\">\n\t\t\t\t\t\tI-Vet Veterinary Institute\t\t\t\t\t<\/p>\n\t\t\t\t\n\t\t\t<\/div>\n\t\t\t\n\t\t<\/div>\n\t\t\t\t<\/div>\n\t\t\t\t<\/div>\n\t\t\t\t<\/div>\n\t\t\t\t<\/div>\n\t\t\t\t<\/div>\n\t\t<div data-particle_enable=\"false\" data-particle-mobile-disabled=\"false\" class=\"elementor-element elementor-element-10faa2c e-grid e-con-full parallax_section_no qode_elementor_container_no e-con e-parent\" data-id=\"10faa2c\" data-element_type=\"container\" data-settings=\"{&quot;background_background&quot;:&quot;classic&quot;,&quot;animation&quot;:&quot;none&quot;}\">\n\t\t\t\t<div class=\"elementor-element elementor-element-7c5640d elementor-widget elementor-widget-qi_addons_for_elementor_call_to_action\" data-id=\"7c5640d\" data-element_type=\"widget\" data-widget_type=\"qi_addons_for_elementor_call_to_action.default\">\n\t\t\t\t<div class=\"elementor-widget-container\">\n\t\t\t<div class=\"qodef-shortcode qodef-m  qodef-qi-call-to-action qodef-layout--standard\">\n\t<div class=\"qodef-m-inner\">\n\t\t<div class=\"qodef-m-content\">\n\t\t\t<h5 class=\"qodef-m-title\">\n\t\t\tFlyer\t\t<\/h5>\n\t\t<\/div>\n\t\t\t<div class=\"qodef-m-button\">\n\t\t<a class=\"qodef-shortcode qodef-m  qodef-qi-button qodef-html--link qodef-layout--filled qodef-type--icon-boxed qodef-size--small  qodef-icon--right qodef-hover--icon-move-horizontal-short\" href=\"https:\/\/epiicvet.com\/wp-content\/uploads\/files\/flyer.pdf\" target=\"_blank\">\t<span class=\"qodef-m-text\">Download<\/span>\t\t<span class=\"qodef-m-icon\">\t\t<span class=\"qodef-m-icon-inner\">\t\t\t<svg aria-hidden=\"true\" class=\"e-font-icon-svg e-fas-file-download\" viewbox=\"0 0 384 512\" xmlns=\"http:\/\/www.w3.org\/2000\/svg\"><path d=\"M224 136V0H24C10.7 0 0 10.7 0 24v464c0 13.3 10.7 24 24 24h336c13.3 0 24-10.7 24-24V160H248c-13.2 0-24-10.8-24-24zm76.45 211.36l-96.42 95.7c-6.65 6.61-17.39 6.61-24.04 0l-96.42-95.7C73.42 337.29 80.54 320 94.82 320H160v-80c0-8.84 7.16-16 16-16h32c8.84 0 16 7.16 16 16v80h65.18c14.28 0 21.4 17.29 11.27 27.36zM377 105L279.1 7c-4.5-4.5-10.6-7-17-7H256v128h128v-6.1c0-6.3-2.5-12.4-7-16.9z\"><\/path><\/svg>\t\t\t\t\t<\/span>\t<\/span><\/a>\t<\/div>\n\t\t\t<\/div>\n<\/div>\n\t\t<\/div>\n\t\t\t\t<\/div>\n\t\t<div data-particle_enable=\"false\" data-particle-mobile-disabled=\"false\" class=\"elementor-element elementor-element-425c9f5 e-flex e-con-boxed parallax_section_no qode_elementor_container_no e-con e-child\" data-id=\"425c9f5\" data-element_type=\"container\" data-settings=\"{&quot;background_background&quot;:&quot;classic&quot;}\">\n\t\t\t\t\t<div class=\"e-con-inner\">\n\t\t\t\t<div class=\"elementor-element elementor-element-a3ba4f3 elementor-widget elementor-widget-heading\" data-id=\"a3ba4f3\" data-element_type=\"widget\" data-widget_type=\"heading.default\">\n\t\t\t\t<div class=\"elementor-widget-container\">\n\t\t\t<h4 class=\"elementor-heading-title elementor-size-default\">Contact us to place your orders or request additional information.<\/h4>\t\t<\/div>\n\t\t\t\t<\/div>\n\t\t\t\t<div class=\"elementor-element elementor-element-d28a306 elementor-widget elementor-widget-qi_addons_for_elementor_button\" data-id=\"d28a306\" data-element_type=\"widget\" data-widget_type=\"qi_addons_for_elementor_button.default\">\n\t\t\t\t<div class=\"elementor-widget-container\">\n\t\t\t<a class=\"qodef-shortcode qodef-m  qodef-qi-button qodef-html--link qodef-layout--filled qodef-type--standard qodef-size--small  qodef-icon--right qodef-hover--icon-move-horizontal-short\" href=\"https:\/\/epiicvet.com\/en\/conocenos\/#contacto\" target=\"_self\">\n\t<span class=\"qodef-m-text\">Contact<\/span>\n\t<\/a>\n\t\t<\/div>\n\t\t\t\t<\/div>\n\t\t\t\t\t<\/div>\n\t\t\t\t<\/div>\n\t\t\t\t<\/div>\n\t\t\t\t<\/div>","protected":false},"excerpt":{"rendered":"<p>Formaci\u00f3n 5 formaciones anuales 100% pr\u00e1cticas Actualmente est\u00e1 abierto el primer curso de formaci\u00f3n Viernes 27 de septiembre de 2024 10:00 &#8211; 18:00 I-Vet Instituto Veterinario Flyer Descargar Contacta con nosotros para realizar tus pedidos o solicitar informaci\u00f3n adicional Contactar<\/p>","protected":false},"author":1,"featured_media":0,"parent":0,"menu_order":0,"comment_status":"closed","ping_status":"closed","template":"elementor_header_footer","meta":{"_monsterinsights_skip_tracking":false,"_monsterinsights_sitenote_active":false,"_monsterinsights_sitenote_note":"","_monsterinsights_sitenote_category":0,"footnotes":""},"class_list":["post-981","page","type-page","status-publish","hentry"],"yoast_head":"<!-- This site is optimized with the Yoast SEO Premium plugin v23.1 (Yoast SEO v23.1) - https:\/\/yoast.com\/wordpress\/plugins\/seo\/ -->\n<title>Formaci\u00f3n Veterinaria - EpiicVet<\/title>\n<meta name=\"description\" content=\"Realizamos formaci\u00f3n continua tanto en nuestros dispositivos TwineStent y EoloStent para que los veterinarios est\u00e9n siempre actualizados.\" \/>\n<meta name=\"robots\" content=\"index, follow, max-snippet:-1, max-image-preview:large, max-video-preview:-1\" \/>\n<link rel=\"canonical\" href=\"https:\/\/epiicvet.com\/en\/formacion\/\" \/>\n<meta property=\"og:locale\" content=\"en_GB\" \/>\n<meta property=\"og:type\" content=\"article\" \/>\n<meta property=\"og:title\" content=\"Formaci\u00f3n\" \/>\n<meta property=\"og:description\" content=\"Realizamos formaci\u00f3n continua tanto en nuestros dispositivos TwineStent y EoloStent para que los veterinarios est\u00e9n siempre actualizados.\" \/>\n<meta property=\"og:url\" content=\"https:\/\/epiicvet.com\/en\/formacion\/\" \/>\n<meta property=\"og:site_name\" content=\"EpiicVet\" \/>\n<meta property=\"article:publisher\" content=\"https:\/\/www.facebook.com\/epiicvet\" \/>\n<meta property=\"article:modified_time\" content=\"2024-07-28T18:05:19+00:00\" \/>\n<meta property=\"og:image\" content=\"https:\/\/epiicvet.com\/wp-content\/uploads\/2024\/07\/13-e1721660956464-1024x944.png\" \/>\n<meta name=\"twitter:card\" content=\"summary_large_image\" \/>\n<meta name=\"twitter:label1\" content=\"Estimated reading time\" \/>\n\t<meta name=\"twitter:data1\" content=\"1 minute\" \/>\n<script type=\"application\/ld+json\" class=\"yoast-schema-graph\">{\"@context\":\"https:\/\/schema.org\",\"@graph\":[{\"@type\":\"WebPage\",\"@id\":\"https:\/\/epiicvet.com\/formacion\/\",\"url\":\"https:\/\/epiicvet.com\/formacion\/\",\"name\":\"Formaci\u00f3n Veterinaria - EpiicVet\",\"isPartOf\":{\"@id\":\"https:\/\/epiicvet.com\/#website\"},\"primaryImageOfPage\":{\"@id\":\"https:\/\/epiicvet.com\/formacion\/#primaryimage\"},\"image\":{\"@id\":\"https:\/\/epiicvet.com\/formacion\/#primaryimage\"},\"thumbnailUrl\":\"https:\/\/epiicvet.com\/wp-content\/uploads\/2024\/07\/13-e1721660956464-1024x944.png\",\"datePublished\":\"2024-07-22T14:39:48+00:00\",\"dateModified\":\"2024-07-28T18:05:19+00:00\",\"description\":\"Realizamos formaci\u00f3n continua tanto en nuestros dispositivos TwineStent y EoloStent para que los veterinarios est\u00e9n siempre actualizados.\",\"breadcrumb\":{\"@id\":\"https:\/\/epiicvet.com\/formacion\/#breadcrumb\"},\"inLanguage\":\"en-GB\",\"potentialAction\":[{\"@type\":\"ReadAction\",\"target\":[\"https:\/\/epiicvet.com\/formacion\/\"]}]},{\"@type\":\"ImageObject\",\"inLanguage\":\"en-GB\",\"@id\":\"https:\/\/epiicvet.com\/formacion\/#primaryimage\",\"url\":\"https:\/\/epiicvet.com\/wp-content\/uploads\/2024\/07\/13-e1721660956464-1024x944.png\",\"contentUrl\":\"https:\/\/epiicvet.com\/wp-content\/uploads\/2024\/07\/13-e1721660956464-1024x944.png\"},{\"@type\":\"BreadcrumbList\",\"@id\":\"https:\/\/epiicvet.com\/formacion\/#breadcrumb\",\"itemListElement\":[{\"@type\":\"ListItem\",\"position\":1,\"name\":\"Portada\",\"item\":\"https:\/\/epiicvet.com\/\"},{\"@type\":\"ListItem\",\"position\":2,\"name\":\"Formaci\u00f3n\"}]},{\"@type\":\"WebSite\",\"@id\":\"https:\/\/epiicvet.com\/#website\",\"url\":\"https:\/\/epiicvet.com\/\",\"name\":\"Epiicvet\",\"description\":\"Dispositivos veterinarios para la v\u00eda a\u00e9rea. Nuevo Stent para el tratamiento del colapso traqueal y pr\u00f3tesis para el abordaje de estenosis lar\u00edngeas\",\"publisher\":{\"@id\":\"https:\/\/epiicvet.com\/#organization\"},\"potentialAction\":[{\"@type\":\"SearchAction\",\"target\":{\"@type\":\"EntryPoint\",\"urlTemplate\":\"https:\/\/epiicvet.com\/?s={search_term_string}\"},\"query-input\":\"required name=search_term_string\"}],\"inLanguage\":\"en-GB\"},{\"@type\":\"Organization\",\"@id\":\"https:\/\/epiicvet.com\/#organization\",\"name\":\"Epiicvet\",\"url\":\"https:\/\/epiicvet.com\/\",\"logo\":{\"@type\":\"ImageObject\",\"inLanguage\":\"en-GB\",\"@id\":\"https:\/\/epiicvet.com\/#\/schema\/logo\/image\/\",\"url\":\"https:\/\/epiicvet.com\/wp-content\/uploads\/2024\/07\/epiicvet_logo_original.png\",\"contentUrl\":\"https:\/\/epiicvet.com\/wp-content\/uploads\/2024\/07\/epiicvet_logo_original.png\",\"width\":2084,\"height\":813,\"caption\":\"Epiicvet\"},\"image\":{\"@id\":\"https:\/\/epiicvet.com\/#\/schema\/logo\/image\/\"},\"sameAs\":[\"https:\/\/www.facebook.com\/epiicvet\",\"https:\/\/www.instagram.com\/epiicvet\",\"https:\/\/www.linkedin.com\/company\/epiicvet\"],\"description\":\"Desarrollo y fabricaci\u00f3n de dispositivos de m\u00ednima invasi\u00f3n para mascotas. Actualmente centrada en Stents para el sistema respiratorio.\",\"email\":\"info@epiicvet.com\",\"telephone\":\"614221258\",\"legalName\":\"Epic Innova, S.L.\",\"numberOfEmployees\":{\"@type\":\"QuantitativeValue\",\"minValue\":\"1\",\"maxValue\":\"10\"}}]}<\/script>\n<!-- \/ Yoast SEO Premium plugin. -->","yoast_head_json":{"title":"Formaci\u00f3n Veterinaria - EpiicVet","description":"Realizamos formaci\u00f3n continua tanto en nuestros dispositivos TwineStent y EoloStent para que los veterinarios est\u00e9n siempre actualizados.","robots":{"index":"index","follow":"follow","max-snippet":"max-snippet:-1","max-image-preview":"max-image-preview:large","max-video-preview":"max-video-preview:-1"},"canonical":"https:\/\/epiicvet.com\/en\/formacion\/","og_locale":"en_GB","og_type":"article","og_title":"Formaci\u00f3n","og_description":"Realizamos formaci\u00f3n continua tanto en nuestros dispositivos TwineStent y EoloStent para que los veterinarios est\u00e9n siempre actualizados.","og_url":"https:\/\/epiicvet.com\/en\/formacion\/","og_site_name":"EpiicVet","article_publisher":"https:\/\/www.facebook.com\/epiicvet","article_modified_time":"2024-07-28T18:05:19+00:00","og_image":[{"url":"https:\/\/epiicvet.com\/wp-content\/uploads\/2024\/07\/13-e1721660956464-1024x944.png"}],"twitter_card":"summary_large_image","twitter_misc":{"Estimated reading time":"1 minute"},"schema":{"@context":"https:\/\/schema.org","@graph":[{"@type":"WebPage","@id":"https:\/\/epiicvet.com\/formacion\/","url":"https:\/\/epiicvet.com\/formacion\/","name":"Formaci\u00f3n Veterinaria - EpiicVet","isPartOf":{"@id":"https:\/\/epiicvet.com\/#website"},"primaryImageOfPage":{"@id":"https:\/\/epiicvet.com\/formacion\/#primaryimage"},"image":{"@id":"https:\/\/epiicvet.com\/formacion\/#primaryimage"},"thumbnailUrl":"https:\/\/epiicvet.com\/wp-content\/uploads\/2024\/07\/13-e1721660956464-1024x944.png","datePublished":"2024-07-22T14:39:48+00:00","dateModified":"2024-07-28T18:05:19+00:00","description":"Realizamos formaci\u00f3n continua tanto en nuestros dispositivos TwineStent y EoloStent para que los veterinarios est\u00e9n siempre actualizados.","breadcrumb":{"@id":"https:\/\/epiicvet.com\/formacion\/#breadcrumb"},"inLanguage":"en-GB","potentialAction":[{"@type":"ReadAction","target":["https:\/\/epiicvet.com\/formacion\/"]}]},{"@type":"ImageObject","inLanguage":"en-GB","@id":"https:\/\/epiicvet.com\/formacion\/#primaryimage","url":"https:\/\/epiicvet.com\/wp-content\/uploads\/2024\/07\/13-e1721660956464-1024x944.png","contentUrl":"https:\/\/epiicvet.com\/wp-content\/uploads\/2024\/07\/13-e1721660956464-1024x944.png"},{"@type":"BreadcrumbList","@id":"https:\/\/epiicvet.com\/formacion\/#breadcrumb","itemListElement":[{"@type":"ListItem","position":1,"name":"Portada","item":"https:\/\/epiicvet.com\/"},{"@type":"ListItem","position":2,"name":"Formaci\u00f3n"}]},{"@type":"WebSite","@id":"https:\/\/epiicvet.com\/#website","url":"https:\/\/epiicvet.com\/","name":"Epiicvet","description":"Dispositivos veterinarios para la v\u00eda a\u00e9rea. Nuevo Stent para el tratamiento del colapso traqueal y pr\u00f3tesis para el abordaje de estenosis lar\u00edngeas","publisher":{"@id":"https:\/\/epiicvet.com\/#organization"},"potentialAction":[{"@type":"SearchAction","target":{"@type":"EntryPoint","urlTemplate":"https:\/\/epiicvet.com\/?s={search_term_string}"},"query-input":"required name=search_term_string"}],"inLanguage":"en-GB"},{"@type":"Organization","@id":"https:\/\/epiicvet.com\/#organization","name":"Epiicvet","url":"https:\/\/epiicvet.com\/","logo":{"@type":"ImageObject","inLanguage":"en-GB","@id":"https:\/\/epiicvet.com\/#\/schema\/logo\/image\/","url":"https:\/\/epiicvet.com\/wp-content\/uploads\/2024\/07\/epiicvet_logo_original.png","contentUrl":"https:\/\/epiicvet.com\/wp-content\/uploads\/2024\/07\/epiicvet_logo_original.png","width":2084,"height":813,"caption":"Epiicvet"},"image":{"@id":"https:\/\/epiicvet.com\/#\/schema\/logo\/image\/"},"sameAs":["https:\/\/www.facebook.com\/epiicvet","https:\/\/www.instagram.com\/epiicvet","https:\/\/www.linkedin.com\/company\/epiicvet"],"description":"Desarrollo y fabricaci\u00f3n de dispositivos de m\u00ednima invasi\u00f3n para mascotas. Actualmente centrada en Stents para el sistema respiratorio.","email":"info@epiicvet.com","telephone":"614221258","legalName":"Epic Innova, S.L.","numberOfEmployees":{"@type":"QuantitativeValue","minValue":"1","maxValue":"10"}}]}},"_links":{"self":[{"href":"https:\/\/epiicvet.com\/en\/wp-json\/wp\/v2\/pages\/981"}],"collection":[{"href":"https:\/\/epiicvet.com\/en\/wp-json\/wp\/v2\/pages"}],"about":[{"href":"https:\/\/epiicvet.com\/en\/wp-json\/wp\/v2\/types\/page"}],"author":[{"embeddable":true,"href":"https:\/\/epiicvet.com\/en\/wp-json\/wp\/v2\/users\/1"}],"replies":[{"embeddable":true,"href":"https:\/\/epiicvet.com\/en\/wp-json\/wp\/v2\/comments?post=981"}],"version-history":[{"count":47,"href":"https:\/\/epiicvet.com\/en\/wp-json\/wp\/v2\/pages\/981\/revisions"}],"predecessor-version":[{"id":1548,"href":"https:\/\/epiicvet.com\/en\/wp-json\/wp\/v2\/pages\/981\/revisions\/1548"}],"wp:attachment":[{"href":"https:\/\/epiicvet.com\/en\/wp-json\/wp\/v2\/media?parent=981"}],"curies":[{"name":"wp","href":"https:\/\/api.w.org\/{rel}","templated":true}]}}