{"id":1322,"date":"2024-07-26T09:40:25","date_gmt":"2024-07-26T09:40:25","guid":{"rendered":"https:\/\/epiicvet.com\/?page_id=1322"},"modified":"2024-07-26T09:47:12","modified_gmt":"2024-07-26T09:47:12","slug":"politica-de-privacidad","status":"publish","type":"page","link":"https:\/\/epiicvet.com\/en\/politica-de-privacidad\/","title":{"rendered":"Privacy policy"},"content":{"rendered":"<div data-elementor-type=\"wp-page\" data-elementor-id=\"1322\" class=\"elementor elementor-1322\" data-elementor-post-type=\"page\">\n\t\t\t\t<div data-particle_enable=\"false\" data-particle-mobile-disabled=\"false\" class=\"elementor-element elementor-element-687a6fe e-flex e-con-boxed parallax_section_no qode_elementor_container_no e-con e-parent\" data-id=\"687a6fe\" data-element_type=\"container\">\n\t\t\t\t\t<div class=\"e-con-inner\">\n\t\t\t\t<div class=\"elementor-element elementor-element-80302e8 elementor-widget elementor-widget-text-editor\" data-id=\"80302e8\" data-element_type=\"widget\" data-widget_type=\"text-editor.default\">\n\t\t\t\t<div class=\"elementor-widget-container\">\n\t\t\t<style>\/*! elementor - v3.23.0 - 25-07-2024 *\/\n.elementor-widget-text-editor.elementor-drop-cap-view-stacked .elementor-drop-cap{background-color:#69727d;color:#fff}.elementor-widget-text-editor.elementor-drop-cap-view-framed .elementor-drop-cap{color:#69727d;border:3px solid;background-color:transparent}.elementor-widget-text-editor:not(.elementor-drop-cap-view-default) .elementor-drop-cap{margin-top:8px}.elementor-widget-text-editor:not(.elementor-drop-cap-view-default) .elementor-drop-cap-letter{width:1em;height:1em}.elementor-widget-text-editor .elementor-drop-cap{float:left;text-align:center;line-height:1;font-size:50px}.elementor-widget-text-editor .elementor-drop-cap-letter{display:inline-block}<\/style>\t\t\t\t<p><!-- wp:heading --><\/p>\n<header><header>\n<h1><span style=\"font-size: 14px; font-weight: 400; color: #ffffff;\">In compliance with article 10 of Law 34\/2002, of 11 July, on Information Society Services and Electronic Commerce (LSSICE), the entity's identification details are given below:<\/span><\/h1>\n<\/header>\n<div>\n<div>\u00a0<\/div>\n<div><span style=\"color: #ffffff;\"><strong>Company name:<\/strong>\u00a0Epic Innova, S.L.<\/span><\/div>\n<div><span style=\"color: #ffffff;\"><strong>CIF:<\/strong>\u00a0B55479489<\/span><\/div>\n<div><span style=\"color: #ffffff;\"><strong style=\"font-family: var( --e-global-typography-text-font-family ), Sans-serif; text-align: var(--text-align);\">Address:\u00a0 <\/strong>Edificio Lanzadera, La Marina de, Carrer del Moll de la Duana, s\/n, 46024 Valencia<\/span><\/div>\n<div><span style=\"color: #ffffff;\"><strong>Email:<\/strong> info@epiicvet.com<\/span><\/div>\n<\/div>\n<div>\u00a0<\/div>\n<div>\n<h4><span style=\"color: #ffffff;\">PURPOSE OF THE WEBSITE<\/span><\/h4>\n<div>\n<div><span style=\"color: #ffffff;\">To report on the company's activities.<\/span><\/div>\n<\/div>\n<div>\u00a0<\/div>\n<div>\u00a0<\/div>\n<div>\n<div>\n<div><span style=\"color: #ffffff;\">This legal notice (hereinafter, the \"Legal Notice\") regulates the use of the website: www.epiicvet.com<\/span><\/div>\n<div>\u00a0<\/div>\n<\/div>\n<\/div>\n<h4><span style=\"color: #ffffff;\">LEGISLATION<\/span><\/h4>\n<p>\u00a0<\/p>\n<div>\n<div><span style=\"color: #ffffff;\">In general, relations between\u00a0<\/span><span style=\"color: #ffffff; background-color: #002d2d;\">Epic Innova, S.L.<\/span><span style=\"color: #ffffff;\">\u00a0and the Users of its telematic services, present on this website, are subject to Spanish legislation and jurisdiction.<\/span><\/div>\n<\/div>\n<div>\u00a0<\/div>\n<div>\n<h4><span style=\"color: #ffffff;\">USE AND USER ACCESS<\/span><\/h4>\n<p>\u00a0<\/p>\n<div>\n<div><span style=\"color: #ffffff;\">The User is informed and accepts that access to this website does not imply, in any way, the beginning of a commercial relationship with\u00a0<\/span><span style=\"color: #ffffff; background-color: #002d2d;\">Epic Innova, S.L.<\/span><span style=\"color: #ffffff;\">. or any of its delegations.<\/span><\/div>\n<div>\u00a0<\/div>\n<\/div>\n<\/div>\n<div>\n<h4><span style=\"color: #ffffff;\">INTELLECTUAL AND INDUSTRIAL PROPERTY<\/span><\/h4>\n<p>\u00a0<\/p>\n<div>\n<div><span style=\"color: #ffffff;\">The intellectual property rights of the content of the web pages, their graphic design and codes are owned by\u00a0<\/span><span style=\"color: #ffffff; background-color: #002d2d;\">Epic Innova, S.L.<\/span><span style=\"color: #ffffff;\">\u00a0and, therefore, their reproduction, distribution, public communication, transformation or any other activity that may be carried out with the contents of its web pages is forbidden, not even quoting the sources, except with the written consent of\u00a0<\/span><span style=\"background-color: #002d2d; color: #ffffff; font-family: var( --e-global-typography-text-font-family ), Sans-serif; font-weight: var( --e-global-typography-text-font-weight ); text-align: var(--text-align);\">Epic Innova, S.L.<\/span><\/div>\n<div>\u00a0<\/div>\n<\/div>\n<div>\n<h4><span style=\"color: #ffffff;\">WEB CONTENT AND LINKS<\/span><\/h4>\n<p>\u00a0<\/p>\n<div>\n<div><span style=\"background-color: #002d2d; color: #ffffff; font-family: var( --e-global-typography-text-font-family ), Sans-serif; font-weight: var( --e-global-typography-text-font-weight ); text-align: var(--text-align);\">Epic Innova, S.L.<\/span><span style=\"color: #ffffff;\">\u00a0reserves the right to update, modify or delete the information contained in its web pages and may even limit or deny access to such information to certain users.<\/span><\/div>\n<div>\u00a0<\/div>\n<\/div>\n<\/div>\n<\/div>\n<div>\u00a0<\/div>\n<div><hr \/><\/div>\n<div>\n<div>\n<div>\u00a0<\/div>\n<div><span style=\"background-color: #002d2d; color: #ffffff; font-family: var( --e-global-typography-text-font-family ), Sans-serif; font-weight: var( --e-global-typography-text-font-weight ); text-align: var(--text-align);\">Epic Innova, S.L.<\/span><span style=\"color: #ffffff;\">\u00a0assumes no responsibility whatsoever for the information contained in third party web pages which may be accessed by links from any web page owned by\u00a0<\/span><span style=\"color: #ffffff; background-color: #002d2d;\">Epic Innova, S.L<\/span><span style=\"color: #ffffff;\">. The presence of links on the web pages of the\u00a0<\/span><span style=\"color: #ffffff; background-color: #002d2d;\">Epic Innova, S.L.<\/span><span style=\"color: #ffffff;\">\u00a0is for information purposes only and in no way constitutes a suggestion, invitation or recommendation.<\/span><\/div>\n<\/div>\n<\/div>\n<\/div>\n<\/header>\t\t\t\t\t\t<\/div>\n\t\t\t\t<\/div>\n\t\t\t\t\t<\/div>\n\t\t\t\t<\/div>\n\t\t\t\t<\/div>","protected":false},"excerpt":{"rendered":"<p>Esta declaraci\u00f3n de privacidad se aplica a los ciudadanos y residentes legales permanentes del Espacio Econ\u00f3mico Europeo y Suiza. En esta declaraci\u00f3n de privacidad, explicamos lo que hacemos con los datos que obtenemos sobre usted a trav\u00e9s de www.epiicvet.com. Le recomendamos que lea atentamente esta&#8230;<\/p>","protected":false},"author":1,"featured_media":0,"parent":0,"menu_order":0,"comment_status":"closed","ping_status":"open","template":"","meta":{"_monsterinsights_skip_tracking":false,"_monsterinsights_sitenote_active":false,"_monsterinsights_sitenote_note":"","_monsterinsights_sitenote_category":0,"footnotes":""},"class_list":["post-1322","page","type-page","status-publish","hentry"],"yoast_head":"<!-- This site is optimized with the Yoast SEO Premium plugin v23.1 (Yoast SEO v23.1) - https:\/\/yoast.com\/wordpress\/plugins\/seo\/ -->\n<title>Pol\u00edtica de privacidad - EpiicVet<\/title>\n<meta name=\"robots\" content=\"index, follow, max-snippet:-1, max-image-preview:large, max-video-preview:-1\" \/>\n<link rel=\"canonical\" href=\"https:\/\/epiicvet.com\/en\/politica-de-privacidad\/\" \/>\n<meta property=\"og:locale\" content=\"en_GB\" \/>\n<meta property=\"og:type\" content=\"article\" \/>\n<meta property=\"og:title\" content=\"Pol\u00edtica de privacidad\" \/>\n<meta property=\"og:description\" content=\"Esta declaraci\u00f3n de privacidad se aplica a los ciudadanos y residentes legales permanentes del Espacio Econ\u00f3mico Europeo y Suiza. En esta declaraci\u00f3n de privacidad, explicamos lo que hacemos con los datos que obtenemos sobre usted a trav\u00e9s de www.epiicvet.com. Le recomendamos que lea atentamente esta...\" \/>\n<meta property=\"og:url\" content=\"https:\/\/epiicvet.com\/en\/politica-de-privacidad\/\" \/>\n<meta property=\"og:site_name\" content=\"EpiicVet\" \/>\n<meta property=\"article:publisher\" content=\"https:\/\/www.facebook.com\/epiicvet\" \/>\n<meta property=\"article:modified_time\" content=\"2024-07-26T09:47:12+00:00\" \/>\n<meta property=\"og:image\" content=\"https:\/\/epiicvet.com\/wp-content\/uploads\/2024\/07\/epiicvet_logo_original.png\" \/>\n\t<meta property=\"og:image:width\" content=\"2084\" \/>\n\t<meta property=\"og:image:height\" content=\"813\" \/>\n\t<meta property=\"og:image:type\" content=\"image\/png\" \/>\n<meta name=\"twitter:card\" content=\"summary_large_image\" \/>\n<meta name=\"twitter:label1\" content=\"Estimated reading time\" \/>\n\t<meta name=\"twitter:data1\" content=\"4 minutes\" \/>\n<script type=\"application\/ld+json\" class=\"yoast-schema-graph\">{\"@context\":\"https:\/\/schema.org\",\"@graph\":[{\"@type\":\"WebPage\",\"@id\":\"https:\/\/epiicvet.com\/politica-de-privacidad\/\",\"url\":\"https:\/\/epiicvet.com\/politica-de-privacidad\/\",\"name\":\"Pol\u00edtica de privacidad - EpiicVet\",\"isPartOf\":{\"@id\":\"https:\/\/epiicvet.com\/#website\"},\"datePublished\":\"2024-07-26T09:40:25+00:00\",\"dateModified\":\"2024-07-26T09:47:12+00:00\",\"breadcrumb\":{\"@id\":\"https:\/\/epiicvet.com\/politica-de-privacidad\/#breadcrumb\"},\"inLanguage\":\"en-GB\",\"potentialAction\":[{\"@type\":\"ReadAction\",\"target\":[\"https:\/\/epiicvet.com\/politica-de-privacidad\/\"]}]},{\"@type\":\"BreadcrumbList\",\"@id\":\"https:\/\/epiicvet.com\/politica-de-privacidad\/#breadcrumb\",\"itemListElement\":[{\"@type\":\"ListItem\",\"position\":1,\"name\":\"Portada\",\"item\":\"https:\/\/epiicvet.com\/\"},{\"@type\":\"ListItem\",\"position\":2,\"name\":\"Pol\u00edtica de privacidad\"}]},{\"@type\":\"WebSite\",\"@id\":\"https:\/\/epiicvet.com\/#website\",\"url\":\"https:\/\/epiicvet.com\/\",\"name\":\"Epiicvet\",\"description\":\"Dispositivos veterinarios para la v\u00eda a\u00e9rea. Nuevo Stent para el tratamiento del colapso traqueal y pr\u00f3tesis para el abordaje de estenosis lar\u00edngeas\",\"publisher\":{\"@id\":\"https:\/\/epiicvet.com\/#organization\"},\"potentialAction\":[{\"@type\":\"SearchAction\",\"target\":{\"@type\":\"EntryPoint\",\"urlTemplate\":\"https:\/\/epiicvet.com\/?s={search_term_string}\"},\"query-input\":\"required name=search_term_string\"}],\"inLanguage\":\"en-GB\"},{\"@type\":\"Organization\",\"@id\":\"https:\/\/epiicvet.com\/#organization\",\"name\":\"Epiicvet\",\"url\":\"https:\/\/epiicvet.com\/\",\"logo\":{\"@type\":\"ImageObject\",\"inLanguage\":\"en-GB\",\"@id\":\"https:\/\/epiicvet.com\/#\/schema\/logo\/image\/\",\"url\":\"https:\/\/epiicvet.com\/wp-content\/uploads\/2024\/07\/epiicvet_logo_original.png\",\"contentUrl\":\"https:\/\/epiicvet.com\/wp-content\/uploads\/2024\/07\/epiicvet_logo_original.png\",\"width\":2084,\"height\":813,\"caption\":\"Epiicvet\"},\"image\":{\"@id\":\"https:\/\/epiicvet.com\/#\/schema\/logo\/image\/\"},\"sameAs\":[\"https:\/\/www.facebook.com\/epiicvet\",\"https:\/\/www.instagram.com\/epiicvet\",\"https:\/\/www.linkedin.com\/company\/epiicvet\"],\"description\":\"Desarrollo y fabricaci\u00f3n de dispositivos de m\u00ednima invasi\u00f3n para mascotas. Actualmente centrada en Stents para el sistema respiratorio.\",\"email\":\"info@epiicvet.com\",\"telephone\":\"614221258\",\"legalName\":\"Epic Innova, S.L.\",\"numberOfEmployees\":{\"@type\":\"QuantitativeValue\",\"minValue\":\"1\",\"maxValue\":\"10\"}}]}<\/script>\n<!-- \/ Yoast SEO Premium plugin. -->","yoast_head_json":{"title":"Pol\u00edtica de privacidad - EpiicVet","robots":{"index":"index","follow":"follow","max-snippet":"max-snippet:-1","max-image-preview":"max-image-preview:large","max-video-preview":"max-video-preview:-1"},"canonical":"https:\/\/epiicvet.com\/en\/politica-de-privacidad\/","og_locale":"en_GB","og_type":"article","og_title":"Pol\u00edtica de privacidad","og_description":"Esta declaraci\u00f3n de privacidad se aplica a los ciudadanos y residentes legales permanentes del Espacio Econ\u00f3mico Europeo y Suiza. En esta declaraci\u00f3n de privacidad, explicamos lo que hacemos con los datos que obtenemos sobre usted a trav\u00e9s de www.epiicvet.com. Le recomendamos que lea atentamente esta...","og_url":"https:\/\/epiicvet.com\/en\/politica-de-privacidad\/","og_site_name":"EpiicVet","article_publisher":"https:\/\/www.facebook.com\/epiicvet","article_modified_time":"2024-07-26T09:47:12+00:00","og_image":[{"width":2084,"height":813,"url":"https:\/\/epiicvet.com\/wp-content\/uploads\/2024\/07\/epiicvet_logo_original.png","type":"image\/png"}],"twitter_card":"summary_large_image","twitter_misc":{"Estimated reading time":"4 minutes"},"schema":{"@context":"https:\/\/schema.org","@graph":[{"@type":"WebPage","@id":"https:\/\/epiicvet.com\/politica-de-privacidad\/","url":"https:\/\/epiicvet.com\/politica-de-privacidad\/","name":"Pol\u00edtica de privacidad - EpiicVet","isPartOf":{"@id":"https:\/\/epiicvet.com\/#website"},"datePublished":"2024-07-26T09:40:25+00:00","dateModified":"2024-07-26T09:47:12+00:00","breadcrumb":{"@id":"https:\/\/epiicvet.com\/politica-de-privacidad\/#breadcrumb"},"inLanguage":"en-GB","potentialAction":[{"@type":"ReadAction","target":["https:\/\/epiicvet.com\/politica-de-privacidad\/"]}]},{"@type":"BreadcrumbList","@id":"https:\/\/epiicvet.com\/politica-de-privacidad\/#breadcrumb","itemListElement":[{"@type":"ListItem","position":1,"name":"Portada","item":"https:\/\/epiicvet.com\/"},{"@type":"ListItem","position":2,"name":"Pol\u00edtica de privacidad"}]},{"@type":"WebSite","@id":"https:\/\/epiicvet.com\/#website","url":"https:\/\/epiicvet.com\/","name":"Epiicvet","description":"Dispositivos veterinarios para la v\u00eda a\u00e9rea. Nuevo Stent para el tratamiento del colapso traqueal y pr\u00f3tesis para el abordaje de estenosis lar\u00edngeas","publisher":{"@id":"https:\/\/epiicvet.com\/#organization"},"potentialAction":[{"@type":"SearchAction","target":{"@type":"EntryPoint","urlTemplate":"https:\/\/epiicvet.com\/?s={search_term_string}"},"query-input":"required name=search_term_string"}],"inLanguage":"en-GB"},{"@type":"Organization","@id":"https:\/\/epiicvet.com\/#organization","name":"Epiicvet","url":"https:\/\/epiicvet.com\/","logo":{"@type":"ImageObject","inLanguage":"en-GB","@id":"https:\/\/epiicvet.com\/#\/schema\/logo\/image\/","url":"https:\/\/epiicvet.com\/wp-content\/uploads\/2024\/07\/epiicvet_logo_original.png","contentUrl":"https:\/\/epiicvet.com\/wp-content\/uploads\/2024\/07\/epiicvet_logo_original.png","width":2084,"height":813,"caption":"Epiicvet"},"image":{"@id":"https:\/\/epiicvet.com\/#\/schema\/logo\/image\/"},"sameAs":["https:\/\/www.facebook.com\/epiicvet","https:\/\/www.instagram.com\/epiicvet","https:\/\/www.linkedin.com\/company\/epiicvet"],"description":"Desarrollo y fabricaci\u00f3n de dispositivos de m\u00ednima invasi\u00f3n para mascotas. Actualmente centrada en Stents para el sistema respiratorio.","email":"info@epiicvet.com","telephone":"614221258","legalName":"Epic Innova, S.L.","numberOfEmployees":{"@type":"QuantitativeValue","minValue":"1","maxValue":"10"}}]}},"_links":{"self":[{"href":"https:\/\/epiicvet.com\/en\/wp-json\/wp\/v2\/pages\/1322"}],"collection":[{"href":"https:\/\/epiicvet.com\/en\/wp-json\/wp\/v2\/pages"}],"about":[{"href":"https:\/\/epiicvet.com\/en\/wp-json\/wp\/v2\/types\/page"}],"author":[{"embeddable":true,"href":"https:\/\/epiicvet.com\/en\/wp-json\/wp\/v2\/users\/1"}],"replies":[{"embeddable":true,"href":"https:\/\/epiicvet.com\/en\/wp-json\/wp\/v2\/comments?post=1322"}],"version-history":[{"count":2,"href":"https:\/\/epiicvet.com\/en\/wp-json\/wp\/v2\/pages\/1322\/revisions"}],"predecessor-version":[{"id":1326,"href":"https:\/\/epiicvet.com\/en\/wp-json\/wp\/v2\/pages\/1322\/revisions\/1326"}],"wp:attachment":[{"href":"https:\/\/epiicvet.com\/en\/wp-json\/wp\/v2\/media?parent=1322"}],"curies":[{"name":"wp","href":"https:\/\/api.w.org\/{rel}","templated":true}]}}